{"id":1156,"date":"2024-05-03T22:17:15","date_gmt":"2024-05-03T22:17:15","guid":{"rendered":"https:\/\/hospital.inovatix.com.mx\/?post_type=product&#038;p=1156"},"modified":"2026-03-12T23:24:40","modified_gmt":"2026-03-12T23:24:40","slug":"nestor-isaac-rodriguez-saldana","status":"publish","type":"product","link":"https:\/\/hospitalsanagustin.com.mx\/?product=nestor-isaac-rodriguez-saldana","title":{"rendered":"N\u00e9stor Isaac Rodr\u00edguez Salda\u00f1a"},"content":{"rendered":"","protected":false},"excerpt":{"rendered":"<div class=\"descript-cont\">\n<p class=\"p\">Consultorio<\/p>\n<div class=\"consul-cont\">\n<div class=\"icon-text-consul\">\n      <img decoding=\"async\" src=\"https:\/\/hospitalsanagustin.com.mx\/wp-content\/uploads\/2024\/04\/bi_building.png\" alt=\"\" width=\"30\" height=\"30\" class=\"alignnone size-full wp-image-55\" \/><\/p>\n<p class=\"p\">Edificio B<\/p>\n<\/p><\/div>\n<div class=\"icon-text-consul\">\n      <img decoding=\"async\" src=\"https:\/\/hospitalsanagustin.com.mx\/wp-content\/uploads\/2024\/04\/material-symbols_floor-rounded.png\" alt=\"\" width=\"30\" height=\"30\" class=\"alignnone size-full wp-image-56\" \/><\/p>\n<p class=\"p\">Nivel 5<\/p>\n<\/p><\/div>\n<div class=\"icon-text-consul\">\n      <img decoding=\"async\" src=\"https:\/\/hospitalsanagustin.com.mx\/wp-content\/uploads\/2024\/04\/ph_door-bold.png\" alt=\"\" width=\"30\" height=\"30\" class=\"alignnone size-full wp-image-57\" \/><\/p>\n<p class=\"p\">#501<\/p>\n<\/p><\/div>\n<\/p><\/div>\n<p class=\"p contact-cont\">C\u00e9dulas<\/p>\n<div class=\"consul-cont\">\n<div class=\"icon-text-consul\">\n<p class=\"p\">C.P: 7454040 \/ C.E: 11395866<\/p>\n<\/p><\/div>\n<\/p><\/div>\n<div class=\"contact-cont\">\n<div class=\"telefonos-ext-fila\">\n<div class=\"phone-column\">\n<p class=\"p titulo-contacto\">Tel\u00e9fono<\/p>\n<p class=\"p numero-contacto\"> 492-899-4900 <br \/> 492-287-0310<\/p>\n<\/p><\/div>\n<div class=\"ext-column\">\n<p class=\"p titulo-contacto\">Ingresa la extensi\u00f3n<\/p>\n<p class=\"p numero-contacto\">Ext: 5012 \/5013  <\/p>\n<\/p><\/div>\n<\/p><\/div>\n<\/div>\n<div class=\"llamar container-boton-largo\">\n    <a href=\"tel:+524928994900 \" class=\"btn-largo\" style=\"text-decoration: none;\"><\/p>\n<div class=\"btn-row-centro\">\n        <span>Llamar<\/span><br \/>\n        <img loading=\"lazy\" decoding=\"async\" src=\"https:\/\/hospitalsanagustin.com.mx\/wp-content\/uploads\/2024\/04\/Wireframe-9.png\" alt=\"Llamar\" width=\"30\" height=\"30\" class=\"alignnone size-full wp-image-58\" \/>\n      <\/div>\n<p>    <\/a>\n  <\/div>\n<\/div>\n","protected":false},"featured_media":3892,"comment_status":"open","ping_status":"closed","template":"","meta":[],"product_cat":[41],"product_tag":[],"class_list":{"0":"post-1156","1":"product","2":"type-product","3":"status-publish","4":"has-post-thumbnail","6":"product_cat-neumologia-pediatrica","8":"first","9":"instock","10":"shipping-taxable","11":"product-type-simple"},"_links":{"self":[{"href":"https:\/\/hospitalsanagustin.com.mx\/index.php?rest_route=\/wp\/v2\/product\/1156","targetHints":{"allow":["GET"]}}],"collection":[{"href":"https:\/\/hospitalsanagustin.com.mx\/index.php?rest_route=\/wp\/v2\/product"}],"about":[{"href":"https:\/\/hospitalsanagustin.com.mx\/index.php?rest_route=\/wp\/v2\/types\/product"}],"replies":[{"embeddable":true,"href":"https:\/\/hospitalsanagustin.com.mx\/index.php?rest_route=%2Fwp%2Fv2%2Fcomments&post=1156"}],"version-history":[{"count":2,"href":"https:\/\/hospitalsanagustin.com.mx\/index.php?rest_route=\/wp\/v2\/product\/1156\/revisions"}],"predecessor-version":[{"id":3833,"href":"https:\/\/hospitalsanagustin.com.mx\/index.php?rest_route=\/wp\/v2\/product\/1156\/revisions\/3833"}],"wp:featuredmedia":[{"embeddable":true,"href":"https:\/\/hospitalsanagustin.com.mx\/index.php?rest_route=\/wp\/v2\/media\/3892"}],"wp:attachment":[{"href":"https:\/\/hospitalsanagustin.com.mx\/index.php?rest_route=%2Fwp%2Fv2%2Fmedia&parent=1156"}],"wp:term":[{"taxonomy":"product_cat","embeddable":true,"href":"https:\/\/hospitalsanagustin.com.mx\/index.php?rest_route=%2Fwp%2Fv2%2Fproduct_cat&post=1156"},{"taxonomy":"product_tag","embeddable":true,"href":"https:\/\/hospitalsanagustin.com.mx\/index.php?rest_route=%2Fwp%2Fv2%2Fproduct_tag&post=1156"}],"curies":[{"name":"wp","href":"https:\/\/api.w.org\/{rel}","templated":true}]}}