{"id":734,"date":"2024-04-26T15:24:30","date_gmt":"2024-04-26T15:24:30","guid":{"rendered":"https:\/\/hospital.inovatix.com.mx\/?page_id=734"},"modified":"2025-03-31T08:58:40","modified_gmt":"2025-03-31T08:58:40","slug":"novedades-y-promociones","status":"publish","type":"page","link":"https:\/\/hospitalsanagustin.com.mx\/?page_id=734","title":{"rendered":"Novedades"},"content":{"rendered":"\t\t<div data-elementor-type=\"wp-post\" data-elementor-id=\"734\" class=\"elementor elementor-734\" data-elementor-post-type=\"page\">\n\t\t\t\t<div class=\"elementor-element elementor-element-d9227e6 e-flex e-con-boxed wpr-particle-no wpr-jarallax-no wpr-parallax-no wpr-sticky-section-no e-con e-parent\" data-id=\"d9227e6\" data-element_type=\"container\" data-settings=\"{&quot;background_background&quot;:&quot;slideshow&quot;,&quot;background_slideshow_gallery&quot;:[{&quot;id&quot;:304,&quot;url&quot;:&quot;https:\\\/\\\/hospital.inovatix.com.mx\\\/wp-content\\\/uploads\\\/2024\\\/04\\\/unsplash_-3HE32KRqJs.jpg&quot;}],&quot;background_slideshow_loop&quot;:&quot;yes&quot;,&quot;background_slideshow_slide_duration&quot;:5000,&quot;background_slideshow_slide_transition&quot;:&quot;fade&quot;,&quot;background_slideshow_transition_duration&quot;:500}\">\n\t\t\t\t\t<div class=\"e-con-inner\">\n\t\t\t\t<div class=\"elementor-element elementor-element-a97deb3 elementor-widget elementor-widget-heading\" data-id=\"a97deb3\" data-element_type=\"widget\" data-widget_type=\"heading.default\">\n\t\t\t\t\t<h2 class=\"elementor-heading-title elementor-size-default\">Novedades<\/h2>\t\t\t\t<\/div>\n\t\t\t\t<div class=\"elementor-element elementor-element-160a5d1 elementor-absolute elementor-widget elementor-widget-image\" data-id=\"160a5d1\" data-element_type=\"widget\" data-settings=\"{&quot;_position&quot;:&quot;absolute&quot;}\" data-widget_type=\"image.default\">\n\t\t\t\t\t\t\t\t\t\t\t\t\t\t\t<img decoding=\"async\" src=\"https:\/\/hospitalsanagustin.com.mx\/wp-content\/uploads\/2024\/04\/Vector-3.svg\" class=\"attachment-full size-full wp-image-306\" alt=\"\" \/>\t\t\t\t\t\t\t\t\t\t\t\t\t\t\t<\/div>\n\t\t\t\t\t<\/div>\n\t\t\t\t<\/div>\n\t\t<div class=\"elementor-element elementor-element-bf07465 e-flex e-con-boxed wpr-particle-no wpr-jarallax-no wpr-parallax-no wpr-sticky-section-no e-con e-parent\" data-id=\"bf07465\" data-element_type=\"container\">\n\t\t\t\t\t<div class=\"e-con-inner\">\n\t\t\t\t<div class=\"elementor-element elementor-element-58df2c0 elementor-widget elementor-widget-heading\" data-id=\"58df2c0\" data-element_type=\"widget\" data-widget_type=\"heading.default\">\n\t\t\t\t\t<h3 class=\"elementor-heading-title elementor-size-default\">Descubre las \u00faltimas novedades<\/h3>\t\t\t\t<\/div>\n\t\t\t\t<div class=\"elementor-element elementor-element-6abd3ff elementor-widget elementor-widget-heading\" data-id=\"6abd3ff\" data-element_type=\"widget\" data-widget_type=\"heading.default\">\n\t\t\t\t\t<p class=\"elementor-heading-title elementor-size-default\">Explora nuestras m\u00e1s recientes noticias y eventos para estar siempre informado. En Hospital San Agust\u00edn, trabajamos constantemente para ofrecerte lo mejor en atenci\u00f3n m\u00e9dica y servicios de salud. Mantente al d\u00eda con las novedades, desde innovaciones tecnol\u00f3gicas en nuestros procedimientos. Adem\u00e1s, no te pierdas nuestros eventos especiales y talleres educativos. Te invitamos a ser parte de nuestra comunidad y a descubrir todo lo que Hospital San Agust\u00edn tiene para ofrecerte!<\/p>\t\t\t\t<\/div>\n\t\t\t\t\t<\/div>\n\t\t\t\t<\/div>\n\t\t<div class=\"elementor-element elementor-element-99303a7 e-flex e-con-boxed wpr-particle-no wpr-jarallax-no wpr-parallax-no wpr-sticky-section-no e-con e-parent\" data-id=\"99303a7\" data-element_type=\"container\">\n\t\t\t\t\t<div class=\"e-con-inner\">\n\t\t\t\t<div class=\"elementor-element elementor-element-82b2eff elementor-widget elementor-widget-razzi-posts-listing\" data-id=\"82b2eff\" data-element_type=\"widget\" data-widget_type=\"razzi-posts-listing.default\">\n\t\t\t\t<div class=\"elementor-widget-container\">\n\t\t\t\t\t        <div class=\"razzi-posts-listing\">\r\n            <div class=\"list-posts \">\r\n                <div class=\"list-posts__inner \">\r\n\t\t\t\t\t<article class=\"blog-wrapper list-wrapper\"><div class=\"entry-header\"><a href=\"https:\/\/hospitalsanagustin.com.mx\/?p=3322\" class=\"post-thumbnail\"><img decoding=\"async\" src=\"https:\/\/hospitalsanagustin.com.mx\/wp-content\/uploads\/elementor\/thumbs\/Diseno-sin-titulo-3-rkpd07kx23esbsfak08gao4ln9k11m4x5ewc08fdxg.jpg\" title=\"Dise\u00f1o sin t\u00edtulo (3)\" alt=\"Dise\u00f1o sin t\u00edtulo (3)\" loading=\"lazy\" \/><\/a><div class=\"blog-date\"><span class=\"field-month\">Mar<\/span> <span class=\"field-day\">18<\/span><\/div><\/div><div class=\"entry-summary\"><h5 class=\"entry-title\"><a href=\"https:\/\/hospitalsanagustin.com.mx\/?p=3322\">Especialistas que generan conocimiento<\/a><\/h5><div class=\"entry-content\"><p>La generaci\u00f3n de conocimiento m\u00e9dico es un pilar fundamental para el avance en la atenci\u00f3n&hellip;<\/p><\/div><a class=\"razzi-button button-normal\" href=\"https:\/\/hospitalsanagustin.com.mx\/?p=3322\">Leer m\u00e1s<span class=\"razzi-svg-icon razzi-icon\"><svg aria-hidden=\"true\" role=\"img\" focusable=\"false\" xmlns=\"http:\/\/www.w3.org\/2000\/svg\" width=\"24\" height=\"24\" viewBox=\"0 0 24 24\" fill=\"none\" stroke=\"currentColor\" stroke-width=\"2\" stroke-linecap=\"round\" stroke-linejoin=\"round\"><line x1=\"0\" y1=\"12\" x2=\"19\" y2=\"12\"><\/line><polyline points=\"12 5 19 12 12 19\"><\/polyline><\/svg><\/span><\/a><\/div><\/article><article class=\"blog-wrapper list-wrapper\"><div class=\"entry-header\"><a href=\"https:\/\/hospitalsanagustin.com.mx\/?p=3334\" class=\"post-thumbnail\"><img decoding=\"async\" src=\"https:\/\/hospitalsanagustin.com.mx\/wp-content\/uploads\/elementor\/thumbs\/Diseno-sin-titulo-5-rkpd02vq3x8cpqm4bg7bg7baoc76z4m9grmwlumcsk.jpg\" title=\"Dise\u00f1o sin t\u00edtulo (5)\" alt=\"Dise\u00f1o sin t\u00edtulo (5)\" loading=\"lazy\" \/><\/a><div class=\"blog-date\"><span class=\"field-month\">Mar<\/span> <span class=\"field-day\">18<\/span><\/div><\/div><div class=\"entry-summary\"><h5 class=\"entry-title\"><a href=\"https:\/\/hospitalsanagustin.com.mx\/?p=3334\">Primera cirug\u00eda endosc\u00f3pica de columna en Zacatecas<\/a><\/h5><div class=\"entry-content\"><p>En Hospital San Agust\u00edn se realiz\u00f3 un procedimiento que representa un avance importante en la&hellip;<\/p><\/div><a class=\"razzi-button button-normal\" href=\"https:\/\/hospitalsanagustin.com.mx\/?p=3334\">Leer m\u00e1s<span class=\"razzi-svg-icon razzi-icon\"><svg aria-hidden=\"true\" role=\"img\" focusable=\"false\" xmlns=\"http:\/\/www.w3.org\/2000\/svg\" width=\"24\" height=\"24\" viewBox=\"0 0 24 24\" fill=\"none\" stroke=\"currentColor\" stroke-width=\"2\" stroke-linecap=\"round\" stroke-linejoin=\"round\"><line x1=\"0\" y1=\"12\" x2=\"19\" y2=\"12\"><\/line><polyline points=\"12 5 19 12 12 19\"><\/polyline><\/svg><\/span><\/a><\/div><\/article><article class=\"blog-wrapper list-wrapper\"><div class=\"entry-header\"><a href=\"https:\/\/hospitalsanagustin.com.mx\/?p=3342\" class=\"post-thumbnail\"><img decoding=\"async\" src=\"https:\/\/hospitalsanagustin.com.mx\/wp-content\/uploads\/elementor\/thumbs\/Diseno-sin-titulo-2-rkpd06n2v9di06gnphttq6d51vontx16ta8uiygs3o.jpg\" title=\"Dise\u00f1o sin t\u00edtulo (2)\" alt=\"Dise\u00f1o sin t\u00edtulo (2)\" loading=\"lazy\" \/><\/a><div class=\"blog-date\"><span class=\"field-month\">Mar<\/span> <span class=\"field-day\">18<\/span><\/div><\/div><div class=\"entry-summary\"><h5 class=\"entry-title\"><a href=\"https:\/\/hospitalsanagustin.com.mx\/?p=3342\">D\u00eda Mundial del Ri\u00f1\u00f3n en Hospital San Agust\u00edn<\/a><\/h5><div class=\"entry-content\"><p>La salud renal es un aspecto fundamental que, en muchos casos, puede verse afectado sin&hellip;<\/p><\/div><a class=\"razzi-button button-normal\" href=\"https:\/\/hospitalsanagustin.com.mx\/?p=3342\">Leer m\u00e1s<span class=\"razzi-svg-icon razzi-icon\"><svg aria-hidden=\"true\" role=\"img\" focusable=\"false\" xmlns=\"http:\/\/www.w3.org\/2000\/svg\" width=\"24\" height=\"24\" viewBox=\"0 0 24 24\" fill=\"none\" stroke=\"currentColor\" stroke-width=\"2\" stroke-linecap=\"round\" stroke-linejoin=\"round\"><line x1=\"0\" y1=\"12\" x2=\"19\" y2=\"12\"><\/line><polyline points=\"12 5 19 12 12 19\"><\/polyline><\/svg><\/span><\/a><\/div><\/article><article class=\"blog-wrapper list-wrapper\"><div class=\"entry-header\"><a href=\"https:\/\/hospitalsanagustin.com.mx\/?p=3187\" class=\"post-thumbnail\"><img decoding=\"async\" src=\"https:\/\/hospitalsanagustin.com.mx\/wp-content\/uploads\/elementor\/thumbs\/Diseno-sin-titulo-rkpd03tkar9n1ckr5yly0p2r9q2k6tpzswae34kymc.jpg\" title=\"Dise\u00f1o sin t\u00edtulo\" alt=\"Dise\u00f1o sin t\u00edtulo\" loading=\"lazy\" \/><\/a><div class=\"blog-date\"><span class=\"field-month\">Mar<\/span> <span class=\"field-day\">10<\/span><\/div><\/div><div class=\"entry-summary\"><h5 class=\"entry-title\"><a href=\"https:\/\/hospitalsanagustin.com.mx\/?p=3187\">Certificaci\u00f3n Equidad MX<\/a><\/h5><div class=\"entry-content\"><p>En Hospital San Agust\u00edn, la atenci\u00f3n m\u00e9dica no solo se basa en la excelencia cl\u00ednica,&hellip;<\/p><\/div><a class=\"razzi-button button-normal\" href=\"https:\/\/hospitalsanagustin.com.mx\/?p=3187\">Leer m\u00e1s<span class=\"razzi-svg-icon razzi-icon\"><svg aria-hidden=\"true\" role=\"img\" focusable=\"false\" xmlns=\"http:\/\/www.w3.org\/2000\/svg\" width=\"24\" height=\"24\" viewBox=\"0 0 24 24\" fill=\"none\" stroke=\"currentColor\" stroke-width=\"2\" stroke-linecap=\"round\" stroke-linejoin=\"round\"><line x1=\"0\" y1=\"12\" x2=\"19\" y2=\"12\"><\/line><polyline points=\"12 5 19 12 12 19\"><\/polyline><\/svg><\/span><\/a><\/div><\/article><article class=\"blog-wrapper list-wrapper\"><div class=\"entry-header\"><a href=\"https:\/\/hospitalsanagustin.com.mx\/?p=3183\" class=\"post-thumbnail\"><img decoding=\"async\" src=\"https:\/\/hospitalsanagustin.com.mx\/wp-content\/uploads\/elementor\/thumbs\/Diseno-sin-titulo-4-rkpd08ir8xg2nedxein2v5w28nfe9b8nhjjthidzr8.jpg\" title=\"Dise\u00f1o sin t\u00edtulo (4)\" alt=\"Dise\u00f1o sin t\u00edtulo (4)\" loading=\"lazy\" \/><\/a><div class=\"blog-date\"><span class=\"field-month\">Mar<\/span> <span class=\"field-day\">06<\/span><\/div><\/div><div class=\"entry-summary\"><h5 class=\"entry-title\"><a href=\"https:\/\/hospitalsanagustin.com.mx\/?p=3183\">Ingenier\u00eda biom\u00e9dica<\/a><\/h5><div class=\"entry-content\"><p>La ingenier\u00eda biom\u00e9dica desempe\u00f1a un papel esencial en el funcionamiento y la innovaci\u00f3n dentro de&hellip;<\/p><\/div><a class=\"razzi-button button-normal\" href=\"https:\/\/hospitalsanagustin.com.mx\/?p=3183\">Leer m\u00e1s<span class=\"razzi-svg-icon razzi-icon\"><svg aria-hidden=\"true\" role=\"img\" focusable=\"false\" xmlns=\"http:\/\/www.w3.org\/2000\/svg\" width=\"24\" height=\"24\" viewBox=\"0 0 24 24\" fill=\"none\" stroke=\"currentColor\" stroke-width=\"2\" stroke-linecap=\"round\" stroke-linejoin=\"round\"><line x1=\"0\" y1=\"12\" x2=\"19\" y2=\"12\"><\/line><polyline points=\"12 5 19 12 12 19\"><\/polyline><\/svg><\/span><\/a><\/div><\/article><article class=\"blog-wrapper list-wrapper\"><div class=\"entry-header\"><a href=\"https:\/\/hospitalsanagustin.com.mx\/?p=3518\" class=\"post-thumbnail\"><img decoding=\"async\" src=\"https:\/\/hospitalsanagustin.com.mx\/wp-content\/uploads\/elementor\/thumbs\/Diseno-sin-titulo-1-rkpd04rehlaxcyje0h0kl6u7v3xxeitq50xvkejkg4.jpg\" title=\"Dise\u00f1o sin t\u00edtulo (1)\" alt=\"Dise\u00f1o sin t\u00edtulo (1)\" loading=\"lazy\" \/><\/a><div class=\"blog-date\"><span class=\"field-month\">Mar<\/span> <span class=\"field-day\">08<\/span><\/div><\/div><div class=\"entry-summary\"><h5 class=\"entry-title\"><a href=\"https:\/\/hospitalsanagustin.com.mx\/?p=3518\">Mujeres que transforman la atenci\u00f3n m\u00e9dica con vocaci\u00f3n y compromiso<\/a><\/h5><div class=\"entry-content\"><p>El papel de la mujer en el sector salud es fundamental para la evoluci\u00f3n de&hellip;<\/p><\/div><a class=\"razzi-button button-normal\" href=\"https:\/\/hospitalsanagustin.com.mx\/?p=3518\">Leer m\u00e1s<span class=\"razzi-svg-icon razzi-icon\"><svg aria-hidden=\"true\" role=\"img\" focusable=\"false\" xmlns=\"http:\/\/www.w3.org\/2000\/svg\" width=\"24\" height=\"24\" viewBox=\"0 0 24 24\" fill=\"none\" stroke=\"currentColor\" stroke-width=\"2\" stroke-linecap=\"round\" stroke-linejoin=\"round\"><line x1=\"0\" y1=\"12\" x2=\"19\" y2=\"12\"><\/line><polyline points=\"12 5 19 12 12 19\"><\/polyline><\/svg><\/span><\/a><\/div><\/article><article class=\"blog-wrapper list-wrapper\"><div class=\"entry-header\"><a href=\"https:\/\/hospitalsanagustin.com.mx\/?p=3091\" class=\"post-thumbnail\"><img decoding=\"async\" src=\"https:\/\/hospitalsanagustin.com.mx\/wp-content\/uploads\/elementor\/thumbs\/Diseno-sin-titulo-1-rkpfonsqc3fzncbpcp4b5bxc0m5wvj1dqsrysdf3gk.jpg\" title=\"Dise\u00f1o sin t\u00edtulo (1)\" alt=\"Dise\u00f1o sin t\u00edtulo (1)\" loading=\"lazy\" \/><\/a><div class=\"blog-date\"><span class=\"field-month\">Dic<\/span> <span class=\"field-day\">04<\/span><\/div><\/div><div class=\"entry-summary\"><h5 class=\"entry-title\"><a href=\"https:\/\/hospitalsanagustin.com.mx\/?p=3091\">Mujeres que abren camino: educaci\u00f3n, ciencia y liderazgo<\/a><\/h5><div class=\"entry-content\"><p>En el marco de las actividades enfocadas en reconocer el papel de la mujer en&hellip;<\/p><\/div><a class=\"razzi-button button-normal\" href=\"https:\/\/hospitalsanagustin.com.mx\/?p=3091\">Leer m\u00e1s<span class=\"razzi-svg-icon razzi-icon\"><svg aria-hidden=\"true\" role=\"img\" focusable=\"false\" xmlns=\"http:\/\/www.w3.org\/2000\/svg\" width=\"24\" height=\"24\" viewBox=\"0 0 24 24\" fill=\"none\" stroke=\"currentColor\" stroke-width=\"2\" stroke-linecap=\"round\" stroke-linejoin=\"round\"><line x1=\"0\" y1=\"12\" x2=\"19\" y2=\"12\"><\/line><polyline points=\"12 5 19 12 12 19\"><\/polyline><\/svg><\/span><\/a><\/div><\/article><article class=\"blog-wrapper list-wrapper\"><div class=\"entry-header\"><a href=\"https:\/\/hospitalsanagustin.com.mx\/?p=433\" class=\"post-thumbnail\"><img decoding=\"async\" src=\"https:\/\/hospitalsanagustin.com.mx\/wp-content\/uploads\/elementor\/thumbs\/Diseno-sin-titulo-rkpfooqkixh9yyac77ixptosm01a38542xfg9ndpac.jpg\" title=\"Dise\u00f1o sin t\u00edtulo\" alt=\"Dise\u00f1o sin t\u00edtulo\" loading=\"lazy\" \/><\/a><div class=\"blog-date\"><span class=\"field-month\">Dic<\/span> <span class=\"field-day\">02<\/span><\/div><\/div><div class=\"entry-summary\"><h5 class=\"entry-title\"><a href=\"https:\/\/hospitalsanagustin.com.mx\/?p=433\">Cuando las mujeres avanzan, avanza la salud y el futuro de nuestra comunidad<\/a><\/h5><div class=\"entry-content\"><p>El avance de la sociedad est\u00e1 estrechamente ligado a la participaci\u00f3n activa de las mujeres&hellip;<\/p><\/div><a class=\"razzi-button button-normal\" href=\"https:\/\/hospitalsanagustin.com.mx\/?p=433\">Leer m\u00e1s<span class=\"razzi-svg-icon razzi-icon\"><svg aria-hidden=\"true\" role=\"img\" focusable=\"false\" xmlns=\"http:\/\/www.w3.org\/2000\/svg\" width=\"24\" height=\"24\" viewBox=\"0 0 24 24\" fill=\"none\" stroke=\"currentColor\" stroke-width=\"2\" stroke-linecap=\"round\" stroke-linejoin=\"round\"><line x1=\"0\" y1=\"12\" x2=\"19\" y2=\"12\"><\/line><polyline points=\"12 5 19 12 12 19\"><\/polyline><\/svg><\/span><\/a><\/div><\/article>                <\/div>\r\n            <\/div>\r\n        <\/div>\r\n\t\t\t\t\t\t<\/div>\n\t\t\t\t<\/div>\n\t\t\t\t\t<\/div>\n\t\t\t\t<\/div>\n\t\t\t\t<\/div>\n\t\t","protected":false},"excerpt":{"rendered":"<p>Novedades Descubre las \u00faltimas novedades Explora nuestras m\u00e1s recientes noticias y eventos para estar siempre informado. En Hospital San Agust\u00edn, trabajamos constantemente para ofrecerte lo mejor en atenci\u00f3n m\u00e9dica y servicios de salud. Mantente al d\u00eda con las novedades, desde innovaciones tecnol\u00f3gicas en nuestros procedimientos. Adem\u00e1s, no te pierdas nuestros eventos especiales y talleres educativos. Te invitamos a ser parte de nuestra comunidad y a descubrir todo lo que Hospital San Agust\u00edn tiene para ofrecerte! Dec 17 \ud83c\udf84 Momentos inolvidables en nuestra Posada Navide\u00f1a 2024 \ud83c\udf84 As\u00ed celebramos juntos un a\u00f1o m\u00e1s de alegr\u00eda, unidad y momentos especiales en Hospital San&hellip; Read more Dec 06 Curso &#8211; Taller &#8220;Hablemos de los prematuros&#8221; Nos sentimos orgullosos de haber brindado un espacio de aprendizaje y concientizaci\u00f3n sobre el cuidado&hellip; Read more Dec 04 Por cuarto a\u00f1o consecutivo, nos enorgullece anunciar que hemos sido reconocidos como uno de los \u201cMejores Lugares para Trabajar LGBTQ+ 2024\u201d por la Fundaci\u00f3n Human Rights Campaign. \ud83c\udf08 Este reconocimiento es un reflejo del compromiso diario que asumimos en Hospital San Agust\u00edn para&hellip; Read more Dec 02 Un momento especial con el encendido de nuestro tradicional \u00e1rbol navide\u00f1o. \ud83d\udc97 En Hospital San Agust\u00edn se vivi\u00f3 un momento especial con el encendido de nuestro tradicional&hellip; Read more Nov 29 En Hospital San Agust\u00edn, continuamos ofreciendo nuevas oportunidades de vida. Este es el 12\u00ba trasplante de ri\u00f1\u00f3n realizado en lo que va del a\u00f1o, en&hellip; Read more Nov 13 \u00danete al equipo del Hospital San Agust\u00edn. \u00bfBuscas un espacio en un entorno de prestigio y excelencia m\u00e9dica? \u00danete al equipo del&hellip; Read more<\/p>\n","protected":false},"author":3,"featured_media":0,"parent":0,"menu_order":0,"comment_status":"closed","ping_status":"closed","template":"","meta":{"footnotes":""},"class_list":["post-734","page","type-page","status-publish","hentry"],"_links":{"self":[{"href":"https:\/\/hospitalsanagustin.com.mx\/index.php?rest_route=\/wp\/v2\/pages\/734","targetHints":{"allow":["GET"]}}],"collection":[{"href":"https:\/\/hospitalsanagustin.com.mx\/index.php?rest_route=\/wp\/v2\/pages"}],"about":[{"href":"https:\/\/hospitalsanagustin.com.mx\/index.php?rest_route=\/wp\/v2\/types\/page"}],"author":[{"embeddable":true,"href":"https:\/\/hospitalsanagustin.com.mx\/index.php?rest_route=\/wp\/v2\/users\/3"}],"replies":[{"embeddable":true,"href":"https:\/\/hospitalsanagustin.com.mx\/index.php?rest_route=%2Fwp%2Fv2%2Fcomments&post=734"}],"version-history":[{"count":44,"href":"https:\/\/hospitalsanagustin.com.mx\/index.php?rest_route=\/wp\/v2\/pages\/734\/revisions"}],"predecessor-version":[{"id":3295,"href":"https:\/\/hospitalsanagustin.com.mx\/index.php?rest_route=\/wp\/v2\/pages\/734\/revisions\/3295"}],"wp:attachment":[{"href":"https:\/\/hospitalsanagustin.com.mx\/index.php?rest_route=%2Fwp%2Fv2%2Fmedia&parent=734"}],"curies":[{"name":"wp","href":"https:\/\/api.w.org\/{rel}","templated":true}]}}