{"id":1873,"date":"2024-06-18T18:56:29","date_gmt":"2024-06-18T18:56:29","guid":{"rendered":"https:\/\/hospital.inovatix.com.mx\/?page_id=1873"},"modified":"2024-06-27T19:59:35","modified_gmt":"2024-06-27T19:59:35","slug":"convenios","status":"publish","type":"page","link":"https:\/\/hospitalsanagustin.com.mx\/?page_id=1873","title":{"rendered":"Convenios"},"content":{"rendered":"\t\t<div data-elementor-type=\"wp-page\" data-elementor-id=\"1873\" class=\"elementor elementor-1873\" data-elementor-post-type=\"page\">\n\t\t\t\t<div class=\"elementor-element elementor-element-ada6abc e-flex e-con-boxed wpr-particle-no wpr-jarallax-no wpr-parallax-no wpr-sticky-section-no e-con e-parent\" data-id=\"ada6abc\" data-element_type=\"container\">\n\t\t\t\t\t<div class=\"e-con-inner\">\n\t\t\t\t<div class=\"elementor-element elementor-element-fb83bd5 elementor-widget elementor-widget-heading\" data-id=\"fb83bd5\" data-element_type=\"widget\" data-widget_type=\"heading.default\">\n\t\t\t\t\t<h1 class=\"elementor-heading-title elementor-size-default\">Convenios<\/h1>\t\t\t\t<\/div>\n\t\t<div class=\"elementor-element elementor-element-76a72a2 servicio-img e-flex e-con-boxed wpr-particle-no wpr-jarallax-no wpr-parallax-no wpr-sticky-section-no e-con e-child\" data-id=\"76a72a2\" data-element_type=\"container\">\n\t\t\t\t\t<div class=\"e-con-inner\">\n\t\t\t\t<div class=\"elementor-element elementor-element-3ed3e35 elementor-widget elementor-widget-image\" data-id=\"3ed3e35\" data-element_type=\"widget\" data-widget_type=\"image.default\">\n\t\t\t\t\t\t\t\t\t\t\t\t\t\t\t<img decoding=\"async\" src=\"https:\/\/hospital.inovatix.com.mx\/wp-content\/uploads\/2024\/04\/DSC_0315.jpg\" title=\"\" alt=\"\" loading=\"lazy\" \/>\t\t\t\t\t\t\t\t\t\t\t\t\t\t\t<\/div>\n\t\t\t\t\t<\/div>\n\t\t\t\t<\/div>\n\t\t\t\t<div class=\"elementor-element elementor-element-359c3fc elementor-widget elementor-widget-image\" data-id=\"359c3fc\" data-element_type=\"widget\" data-widget_type=\"image.default\">\n\t\t\t\t\t\t\t\t\t\t\t\t\t\t\t<img fetchpriority=\"high\" decoding=\"async\" width=\"300\" height=\"296\" src=\"https:\/\/hospitalsanagustin.com.mx\/wp-content\/uploads\/2024\/06\/WhatsApp-Image-2024-06-27-at-1.28.38-PM-300x296.jpeg\" class=\"attachment-medium size-medium wp-image-2494\" alt=\"\" srcset=\"https:\/\/hospitalsanagustin.com.mx\/wp-content\/uploads\/2024\/06\/WhatsApp-Image-2024-06-27-at-1.28.38-PM-300x296.jpeg 300w, https:\/\/hospitalsanagustin.com.mx\/wp-content\/uploads\/2024\/06\/WhatsApp-Image-2024-06-27-at-1.28.38-PM-1024x1009.jpeg 1024w, https:\/\/hospitalsanagustin.com.mx\/wp-content\/uploads\/2024\/06\/WhatsApp-Image-2024-06-27-at-1.28.38-PM-768x757.jpeg 768w, https:\/\/hospitalsanagustin.com.mx\/wp-content\/uploads\/2024\/06\/WhatsApp-Image-2024-06-27-at-1.28.38-PM-600x591.jpeg 600w, https:\/\/hospitalsanagustin.com.mx\/wp-content\/uploads\/2024\/06\/WhatsApp-Image-2024-06-27-at-1.28.38-PM.jpeg 1080w\" sizes=\"(max-width: 300px) 100vw, 300px\" \/>\t\t\t\t\t\t\t\t\t\t\t\t\t\t\t<\/div>\n\t\t\t\t\t<\/div>\n\t\t\t\t<\/div>\n\t\t<div class=\"elementor-element elementor-element-05d43aa e-flex e-con-boxed wpr-particle-no wpr-jarallax-no wpr-parallax-no wpr-sticky-section-no e-con e-parent\" data-id=\"05d43aa\" data-element_type=\"container\">\n\t\t\t\t\t<div class=\"e-con-inner\">\n\t\t\t\t<div class=\"elementor-element elementor-element-bd929ec elementor-widget elementor-widget-heading\" data-id=\"bd929ec\" data-element_type=\"widget\" data-widget_type=\"heading.default\">\n\t\t\t\t\t<h2 class=\"elementor-heading-title elementor-size-default\">En Hospital San Agust\u00edn trabajamos con todas las aseguradoras.\n\nSi requieres ayuda o tienes alguna duda sobre el alcance de tu p\u00f3liza, no dudes en contactarnos a trav\u00e9s de WhatsApp al n\u00famero 492 132 2438.\n\nEstaremos encantados de ayudarte.\n<\/h2>\t\t\t\t<\/div>\n\t\t\t\t\t<\/div>\n\t\t\t\t<\/div>\n\t\t<div class=\"elementor-element elementor-element-b37c5c4 e-flex e-con-boxed wpr-particle-no wpr-jarallax-no wpr-parallax-no wpr-sticky-section-no e-con e-child\" data-id=\"b37c5c4\" data-element_type=\"container\">\n\t\t\t\t\t<div class=\"e-con-inner\">\n\t\t<a class=\"elementor-element elementor-element-1468c19 btn-w e-con-full e-flex wpr-particle-no wpr-jarallax-no wpr-parallax-no wpr-sticky-section-no e-con e-child\" data-id=\"1468c19\" data-element_type=\"container\" data-settings=\"{&quot;background_background&quot;:&quot;classic&quot;}\" href=\"https:\/\/wa.link\/ir9jgk\" target=\"_blank\">\n\t\t\t\t<div class=\"elementor-element elementor-element-439dcfd elementor-widget__width-initial elementor-widget elementor-widget-heading\" data-id=\"439dcfd\" data-element_type=\"widget\" data-widget_type=\"heading.default\">\n\t\t\t\t\t<h2 class=\"elementor-heading-title elementor-size-default\">Contacta por Whatsapp<\/h2>\t\t\t\t<\/div>\n\t\t\t\t<\/a>\n\t\t\t\t\t<\/div>\n\t\t\t\t<\/div>\n\t\t<div class=\"elementor-element elementor-element-1dbf9c7 e-flex e-con-boxed wpr-particle-no wpr-jarallax-no wpr-parallax-no wpr-sticky-section-no e-con e-parent\" data-id=\"1dbf9c7\" data-element_type=\"container\">\n\t\t\t\t\t<div class=\"e-con-inner\">\n\t\t\t\t<div class=\"elementor-element elementor-element-88b50c1 elementor-widget elementor-widget-spacer\" data-id=\"88b50c1\" data-element_type=\"widget\" data-widget_type=\"spacer.default\">\n\t\t\t\t\t\t\t<div class=\"elementor-spacer\">\n\t\t\t<div class=\"elementor-spacer-inner\"><\/div>\n\t\t<\/div>\n\t\t\t\t\t\t<\/div>\n\t\t\t\t\t<\/div>\n\t\t\t\t<\/div>\n\t\t\t\t<\/div>\n\t\t","protected":false},"excerpt":{"rendered":"<p>Convenios En Hospital San Agust\u00edn trabajamos con todas las aseguradoras. Si requieres ayuda o tienes alguna duda sobre el alcance de tu p\u00f3liza, no dudes en contactarnos a trav\u00e9s de WhatsApp al n\u00famero 492 132 2438. Estaremos encantados de ayudarte. Contacta por Whatsapp<\/p>\n","protected":false},"author":3,"featured_media":0,"parent":0,"menu_order":0,"comment_status":"closed","ping_status":"closed","template":"","meta":{"footnotes":""},"class_list":["post-1873","page","type-page","status-publish","hentry"],"_links":{"self":[{"href":"https:\/\/hospitalsanagustin.com.mx\/index.php?rest_route=\/wp\/v2\/pages\/1873","targetHints":{"allow":["GET"]}}],"collection":[{"href":"https:\/\/hospitalsanagustin.com.mx\/index.php?rest_route=\/wp\/v2\/pages"}],"about":[{"href":"https:\/\/hospitalsanagustin.com.mx\/index.php?rest_route=\/wp\/v2\/types\/page"}],"author":[{"embeddable":true,"href":"https:\/\/hospitalsanagustin.com.mx\/index.php?rest_route=\/wp\/v2\/users\/3"}],"replies":[{"embeddable":true,"href":"https:\/\/hospitalsanagustin.com.mx\/index.php?rest_route=%2Fwp%2Fv2%2Fcomments&post=1873"}],"version-history":[{"count":22,"href":"https:\/\/hospitalsanagustin.com.mx\/index.php?rest_route=\/wp\/v2\/pages\/1873\/revisions"}],"predecessor-version":[{"id":2557,"href":"https:\/\/hospitalsanagustin.com.mx\/index.php?rest_route=\/wp\/v2\/pages\/1873\/revisions\/2557"}],"wp:attachment":[{"href":"https:\/\/hospitalsanagustin.com.mx\/index.php?rest_route=%2Fwp%2Fv2%2Fmedia&parent=1873"}],"curies":[{"name":"wp","href":"https:\/\/api.w.org\/{rel}","templated":true}]}}