{"id":1441,"date":"2024-05-06T16:54:12","date_gmt":"2024-05-06T16:54:12","guid":{"rendered":"https:\/\/hospital.inovatix.com.mx\/?page_id=1441"},"modified":"2024-06-27T20:14:37","modified_gmt":"2024-06-27T20:14:37","slug":"capilla","status":"publish","type":"page","link":"https:\/\/hospitalsanagustin.com.mx\/?page_id=1441","title":{"rendered":"Capilla"},"content":{"rendered":"\t\t<div data-elementor-type=\"wp-page\" data-elementor-id=\"1441\" class=\"elementor elementor-1441\" data-elementor-post-type=\"page\">\n\t\t\t\t<div class=\"elementor-element elementor-element-ada6abc e-flex e-con-boxed wpr-particle-no wpr-jarallax-no wpr-parallax-no wpr-sticky-section-no e-con e-parent\" data-id=\"ada6abc\" data-element_type=\"container\">\n\t\t\t\t\t<div class=\"e-con-inner\">\n\t\t\t\t<div class=\"elementor-element elementor-element-fb83bd5 elementor-widget elementor-widget-heading\" data-id=\"fb83bd5\" data-element_type=\"widget\" data-widget_type=\"heading.default\">\n\t\t\t\t\t<h1 class=\"elementor-heading-title elementor-size-default\">Capilla<\/h1>\t\t\t\t<\/div>\n\t\t<div class=\"elementor-element elementor-element-76a72a2 servicio-img e-flex e-con-boxed wpr-particle-no wpr-jarallax-no wpr-parallax-no wpr-sticky-section-no e-con e-child\" data-id=\"76a72a2\" data-element_type=\"container\">\n\t\t\t\t\t<div class=\"e-con-inner\">\n\t\t\t\t<div class=\"elementor-element elementor-element-3ed3e35 elementor-widget elementor-widget-image\" data-id=\"3ed3e35\" data-element_type=\"widget\" data-widget_type=\"image.default\">\n\t\t\t\t\t\t\t\t\t\t\t\t\t\t\t<img decoding=\"async\" src=\"https:\/\/hospital.inovatix.com.mx\/wp-content\/uploads\/2024\/04\/A7J09613-scaled.jpg\" title=\"\" alt=\"\" loading=\"lazy\" \/>\t\t\t\t\t\t\t\t\t\t\t\t\t\t\t<\/div>\n\t\t\t\t\t<\/div>\n\t\t\t\t<\/div>\n\t\t\t\t<div class=\"elementor-element elementor-element-fb81759 elementor-widget elementor-widget-heading\" data-id=\"fb81759\" data-element_type=\"widget\" data-widget_type=\"heading.default\">\n\t\t\t\t\t<p class=\"elementor-heading-title elementor-size-default\">Nuestra Capilla es un espacio de paz y consuelo para pacientes, familiares y personal m\u00e9dico. Estamos aqu\u00ed para acompa\u00f1arte en momentos dif\u00edciles y proporcionarte un espacio de tranquilidad durante tu estancia en el hospital.<\/p>\t\t\t\t<\/div>\n\t\t\t\t<div class=\"elementor-element elementor-element-ffbc04b elementor-arrows-position-inside elementor-pagination-position-outside elementor-widget elementor-widget-image-carousel\" data-id=\"ffbc04b\" data-element_type=\"widget\" data-settings=\"{&quot;slides_to_show&quot;:&quot;3&quot;,&quot;slides_to_scroll&quot;:&quot;1&quot;,&quot;lazyload&quot;:&quot;yes&quot;,&quot;navigation&quot;:&quot;both&quot;,&quot;speed&quot;:500,&quot;image_spacing_custom&quot;:{&quot;unit&quot;:&quot;px&quot;,&quot;size&quot;:20,&quot;sizes&quot;:[]},&quot;image_spacing_custom_tablet&quot;:{&quot;unit&quot;:&quot;px&quot;,&quot;size&quot;:&quot;&quot;,&quot;sizes&quot;:[]},&quot;image_spacing_custom_mobile&quot;:{&quot;unit&quot;:&quot;px&quot;,&quot;size&quot;:&quot;&quot;,&quot;sizes&quot;:[]}}\" data-widget_type=\"image-carousel.default\">\n\t\t\t\t\t\t\t<div class=\"elementor-image-carousel-wrapper swiper\" role=\"region\" aria-roledescription=\"carousel\" aria-label=\"Carrusel de im\u00e1genes\" dir=\"ltr\">\n\t\t\t<div class=\"elementor-image-carousel swiper-wrapper\" aria-live=\"polite\">\n\t\t\t\t\t\t\t\t<div class=\"swiper-slide\" role=\"group\" aria-roledescription=\"slide\" aria-label=\"1 de 3\"><a data-elementor-open-lightbox=\"yes\" data-elementor-lightbox-slideshow=\"ffbc04b\" data-elementor-lightbox-title=\"WhatsApp Image 2024-06-27 at 2.12.18 PM (2)\" data-e-action-hash=\"#elementor-action%3Aaction%3Dlightbox%26settings%3DeyJpZCI6MjU2NywidXJsIjoiaHR0cHM6XC9cL2hvc3BpdGFsc2FuYWd1c3Rpbi5jb20ubXhcL3dwLWNvbnRlbnRcL3VwbG9hZHNcLzIwMjRcLzA2XC9XaGF0c0FwcC1JbWFnZS0yMDI0LTA2LTI3LWF0LTIuMTIuMTgtUE0tMi5qcGVnIiwic2xpZGVzaG93IjoiZmZiYzA0YiJ9\" href=\"https:\/\/hospitalsanagustin.com.mx\/wp-content\/uploads\/2024\/06\/WhatsApp-Image-2024-06-27-at-2.12.18-PM-2.jpeg\"><figure class=\"swiper-slide-inner\"><img class=\"swiper-slide-image swiper-lazy\" data-src=\"https:\/\/hospitalsanagustin.com.mx\/wp-content\/uploads\/elementor\/thumbs\/WhatsApp-Image-2024-06-27-at-2.12.18-PM-2-qqaituvm11vc3lfpvw8g3j59iwtlmyn2ohwnlfmj5c.jpeg\" alt=\"WhatsApp Image 2024-06-27 at 2.12.18 PM (2)\" \/><div class=\"swiper-lazy-preloader\"><\/div><\/figure><\/a><\/div><div class=\"swiper-slide\" role=\"group\" aria-roledescription=\"slide\" aria-label=\"2 de 3\"><a data-elementor-open-lightbox=\"yes\" data-elementor-lightbox-slideshow=\"ffbc04b\" data-elementor-lightbox-title=\"WhatsApp Image 2024-06-27 at 2.12.18 PM (1)\" data-e-action-hash=\"#elementor-action%3Aaction%3Dlightbox%26settings%3DeyJpZCI6MjU2OCwidXJsIjoiaHR0cHM6XC9cL2hvc3BpdGFsc2FuYWd1c3Rpbi5jb20ubXhcL3dwLWNvbnRlbnRcL3VwbG9hZHNcLzIwMjRcLzA2XC9XaGF0c0FwcC1JbWFnZS0yMDI0LTA2LTI3LWF0LTIuMTIuMTgtUE0tMS5qcGVnIiwic2xpZGVzaG93IjoiZmZiYzA0YiJ9\" href=\"https:\/\/hospitalsanagustin.com.mx\/wp-content\/uploads\/2024\/06\/WhatsApp-Image-2024-06-27-at-2.12.18-PM-1.jpeg\"><figure class=\"swiper-slide-inner\"><img class=\"swiper-slide-image swiper-lazy\" data-src=\"https:\/\/hospitalsanagustin.com.mx\/wp-content\/uploads\/elementor\/thumbs\/WhatsApp-Image-2024-06-27-at-2.12.18-PM-1-qqaitxp4ljz72fbmffgbt0fnb2fpa1y9ovv419icmo.jpeg\" alt=\"WhatsApp Image 2024-06-27 at 2.12.18 PM (1)\" \/><div class=\"swiper-lazy-preloader\"><\/div><\/figure><\/a><\/div><div class=\"swiper-slide\" role=\"group\" aria-roledescription=\"slide\" aria-label=\"3 de 3\"><a data-elementor-open-lightbox=\"yes\" data-elementor-lightbox-slideshow=\"ffbc04b\" data-elementor-lightbox-title=\"WhatsApp Image 2024-06-27 at 2.12.18 PM\" data-e-action-hash=\"#elementor-action%3Aaction%3Dlightbox%26settings%3DeyJpZCI6MjU2OSwidXJsIjoiaHR0cHM6XC9cL2hvc3BpdGFsc2FuYWd1c3Rpbi5jb20ubXhcL3dwLWNvbnRlbnRcL3VwbG9hZHNcLzIwMjRcLzA2XC9XaGF0c0FwcC1JbWFnZS0yMDI0LTA2LTI3LWF0LTIuMTIuMTgtUE0uanBlZyIsInNsaWRlc2hvdyI6ImZmYmMwNGIifQ%3D%3D\" href=\"https:\/\/hospitalsanagustin.com.mx\/wp-content\/uploads\/2024\/06\/WhatsApp-Image-2024-06-27-at-2.12.18-PM.jpeg\"><figure class=\"swiper-slide-inner\"><img class=\"swiper-slide-image swiper-lazy\" data-src=\"https:\/\/hospitalsanagustin.com.mx\/wp-content\/uploads\/elementor\/thumbs\/WhatsApp-Image-2024-06-27-at-2.12.18-PM-qqaiu0in6232197iyyo7ihq1381sx59gp9tkh3e640.jpeg\" alt=\"WhatsApp Image 2024-06-27 at 2.12.18 PM\" \/><div class=\"swiper-lazy-preloader\"><\/div><\/figure><\/a><\/div>\t\t\t<\/div>\n\t\t\t\t\t\t\t\t\t\t\t\t<div class=\"elementor-swiper-button elementor-swiper-button-prev\" role=\"button\" tabindex=\"0\">\n\t\t\t\t\t\t<svg aria-hidden=\"true\" class=\"e-font-icon-svg e-eicon-chevron-left\" viewBox=\"0 0 1000 1000\" xmlns=\"http:\/\/www.w3.org\/2000\/svg\"><path d=\"M646 125C629 125 613 133 604 142L308 442C296 454 292 471 292 487 292 504 296 521 308 533L604 854C617 867 629 875 646 875 663 875 679 871 692 858 704 846 713 829 713 812 713 796 708 779 692 767L438 487 692 225C700 217 708 204 708 187 708 171 704 154 692 142 675 129 663 125 646 125Z\"><\/path><\/svg>\t\t\t\t\t<\/div>\n\t\t\t\t\t<div class=\"elementor-swiper-button elementor-swiper-button-next\" role=\"button\" tabindex=\"0\">\n\t\t\t\t\t\t<svg aria-hidden=\"true\" class=\"e-font-icon-svg e-eicon-chevron-right\" viewBox=\"0 0 1000 1000\" xmlns=\"http:\/\/www.w3.org\/2000\/svg\"><path d=\"M696 533C708 521 713 504 713 487 713 471 708 454 696 446L400 146C388 133 375 125 354 125 338 125 325 129 313 142 300 154 292 171 292 187 292 204 296 221 308 233L563 492 304 771C292 783 288 800 288 817 288 833 296 850 308 863 321 871 338 875 354 875 371 875 388 867 400 854L696 533Z\"><\/path><\/svg>\t\t\t\t\t<\/div>\n\t\t\t\t\n\t\t\t\t\t\t\t\t\t<div class=\"swiper-pagination\"><\/div>\n\t\t\t\t\t\t\t\t\t<\/div>\n\t\t\t\t\t\t<\/div>\n\t\t\t\t\t<\/div>\n\t\t\t\t<\/div>\n\t\t\t\t<\/div>\n\t\t","protected":false},"excerpt":{"rendered":"<p>Capilla Nuestra Capilla es un espacio de paz y consuelo para pacientes, familiares y personal m\u00e9dico. Estamos aqu\u00ed para acompa\u00f1arte en momentos dif\u00edciles y proporcionarte un espacio de tranquilidad durante tu estancia en el hospital.<\/p>\n","protected":false},"author":3,"featured_media":0,"parent":0,"menu_order":0,"comment_status":"closed","ping_status":"closed","template":"","meta":{"footnotes":""},"class_list":["post-1441","page","type-page","status-publish","hentry"],"_links":{"self":[{"href":"https:\/\/hospitalsanagustin.com.mx\/index.php?rest_route=\/wp\/v2\/pages\/1441","targetHints":{"allow":["GET"]}}],"collection":[{"href":"https:\/\/hospitalsanagustin.com.mx\/index.php?rest_route=\/wp\/v2\/pages"}],"about":[{"href":"https:\/\/hospitalsanagustin.com.mx\/index.php?rest_route=\/wp\/v2\/types\/page"}],"author":[{"embeddable":true,"href":"https:\/\/hospitalsanagustin.com.mx\/index.php?rest_route=\/wp\/v2\/users\/3"}],"replies":[{"embeddable":true,"href":"https:\/\/hospitalsanagustin.com.mx\/index.php?rest_route=%2Fwp%2Fv2%2Fcomments&post=1441"}],"version-history":[{"count":25,"href":"https:\/\/hospitalsanagustin.com.mx\/index.php?rest_route=\/wp\/v2\/pages\/1441\/revisions"}],"predecessor-version":[{"id":2572,"href":"https:\/\/hospitalsanagustin.com.mx\/index.php?rest_route=\/wp\/v2\/pages\/1441\/revisions\/2572"}],"wp:attachment":[{"href":"https:\/\/hospitalsanagustin.com.mx\/index.php?rest_route=%2Fwp%2Fv2%2Fmedia&parent=1441"}],"curies":[{"name":"wp","href":"https:\/\/api.w.org\/{rel}","templated":true}]}}