{"id":1424,"date":"2024-05-06T16:45:55","date_gmt":"2024-05-06T16:45:55","guid":{"rendered":"https:\/\/hospital.inovatix.com.mx\/?page_id=1424"},"modified":"2024-06-27T19:41:10","modified_gmt":"2024-06-27T19:41:10","slug":"ceye-central-de-equipos-y-esterilizacion","status":"publish","type":"page","link":"https:\/\/hospitalsanagustin.com.mx\/?page_id=1424","title":{"rendered":"CEyE (Central de equipos y esterilizaci\u00f3n)"},"content":{"rendered":"\t\t<div data-elementor-type=\"wp-page\" data-elementor-id=\"1424\" class=\"elementor elementor-1424\" data-elementor-post-type=\"page\">\n\t\t\t\t<div class=\"elementor-element elementor-element-ada6abc e-flex e-con-boxed wpr-particle-no wpr-jarallax-no wpr-parallax-no wpr-sticky-section-no e-con e-parent\" data-id=\"ada6abc\" data-element_type=\"container\">\n\t\t\t\t\t<div class=\"e-con-inner\">\n\t\t\t\t<div class=\"elementor-element elementor-element-fb83bd5 elementor-widget elementor-widget-heading\" data-id=\"fb83bd5\" data-element_type=\"widget\" data-widget_type=\"heading.default\">\n\t\t\t\t\t<h1 class=\"elementor-heading-title elementor-size-default\">Central de Esterilizaci\u00f3n y Esterilizaci\u00f3n (CEYE)<\/h1>\t\t\t\t<\/div>\n\t\t<div class=\"elementor-element elementor-element-76a72a2 servicio-img e-flex e-con-boxed wpr-particle-no wpr-jarallax-no wpr-parallax-no wpr-sticky-section-no e-con e-child\" data-id=\"76a72a2\" data-element_type=\"container\">\n\t\t\t\t\t<div class=\"e-con-inner\">\n\t\t\t\t<div class=\"elementor-element elementor-element-3ed3e35 elementor-widget elementor-widget-image\" data-id=\"3ed3e35\" data-element_type=\"widget\" data-widget_type=\"image.default\">\n\t\t\t\t\t\t\t\t\t\t\t\t\t\t\t<img decoding=\"async\" src=\"https:\/\/hospital.inovatix.com.mx\/wp-content\/uploads\/2024\/04\/DSC_0263.jpg\" title=\"\" alt=\"\" loading=\"lazy\" \/>\t\t\t\t\t\t\t\t\t\t\t\t\t\t\t<\/div>\n\t\t\t\t\t<\/div>\n\t\t\t\t<\/div>\n\t\t\t\t<div class=\"elementor-element elementor-element-fb81759 elementor-widget elementor-widget-heading\" data-id=\"fb81759\" data-element_type=\"widget\" data-widget_type=\"heading.default\">\n\t\t\t\t\t<p class=\"elementor-heading-title elementor-size-default\">Nuestra Central de Esterilizaci\u00f3n y Esterilizaci\u00f3n (CEYE) se dedica a procesos integrales de estilizaci\u00f3n de materiales e insumos quir\u00fargicos. Con tecnolog\u00eda avanzada y protocolos rigurosos, garantizamos la m\u00e1xima seguridad y calidad en cada instrumento y equipo m\u00e9dico que utilizamos.<\/p>\t\t\t\t<\/div>\n\t\t\t\t\t<\/div>\n\t\t\t\t<\/div>\n\t\t\t\t<\/div>\n\t\t","protected":false},"excerpt":{"rendered":"<p>Central de Esterilizaci\u00f3n y Esterilizaci\u00f3n (CEYE) Nuestra Central de Esterilizaci\u00f3n y Esterilizaci\u00f3n (CEYE) se dedica a procesos integrales de estilizaci\u00f3n de materiales e insumos quir\u00fargicos. Con tecnolog\u00eda avanzada y protocolos rigurosos, garantizamos la m\u00e1xima seguridad y calidad en cada instrumento y equipo m\u00e9dico que utilizamos.<\/p>\n","protected":false},"author":3,"featured_media":0,"parent":0,"menu_order":0,"comment_status":"closed","ping_status":"closed","template":"","meta":{"footnotes":""},"class_list":["post-1424","page","type-page","status-publish","hentry"],"_links":{"self":[{"href":"https:\/\/hospitalsanagustin.com.mx\/index.php?rest_route=\/wp\/v2\/pages\/1424","targetHints":{"allow":["GET"]}}],"collection":[{"href":"https:\/\/hospitalsanagustin.com.mx\/index.php?rest_route=\/wp\/v2\/pages"}],"about":[{"href":"https:\/\/hospitalsanagustin.com.mx\/index.php?rest_route=\/wp\/v2\/types\/page"}],"author":[{"embeddable":true,"href":"https:\/\/hospitalsanagustin.com.mx\/index.php?rest_route=\/wp\/v2\/users\/3"}],"replies":[{"embeddable":true,"href":"https:\/\/hospitalsanagustin.com.mx\/index.php?rest_route=%2Fwp%2Fv2%2Fcomments&post=1424"}],"version-history":[{"count":28,"href":"https:\/\/hospitalsanagustin.com.mx\/index.php?rest_route=\/wp\/v2\/pages\/1424\/revisions"}],"predecessor-version":[{"id":2513,"href":"https:\/\/hospitalsanagustin.com.mx\/index.php?rest_route=\/wp\/v2\/pages\/1424\/revisions\/2513"}],"wp:attachment":[{"href":"https:\/\/hospitalsanagustin.com.mx\/index.php?rest_route=%2Fwp%2Fv2%2Fmedia&parent=1424"}],"curies":[{"name":"wp","href":"https:\/\/api.w.org\/{rel}","templated":true}]}}