{"id":1394,"date":"2024-05-06T05:22:41","date_gmt":"2024-05-06T05:22:41","guid":{"rendered":"https:\/\/hospital.inovatix.com.mx\/?page_id=1394"},"modified":"2024-06-27T19:51:12","modified_gmt":"2024-06-27T19:51:12","slug":"unidad-de-diagnostico-ocular-avanzado","status":"publish","type":"page","link":"https:\/\/hospitalsanagustin.com.mx\/?page_id=1394","title":{"rendered":"Unidad de Diagn\u00f3stico Ocular Avanzado"},"content":{"rendered":"\t\t<div data-elementor-type=\"wp-page\" data-elementor-id=\"1394\" class=\"elementor elementor-1394\" data-elementor-post-type=\"page\">\n\t\t\t\t<div class=\"elementor-element elementor-element-ada6abc e-flex e-con-boxed wpr-particle-no wpr-jarallax-no wpr-parallax-no wpr-sticky-section-no e-con e-parent\" data-id=\"ada6abc\" data-element_type=\"container\">\n\t\t\t\t\t<div class=\"e-con-inner\">\n\t\t\t\t<div class=\"elementor-element elementor-element-fb83bd5 elementor-widget elementor-widget-heading\" data-id=\"fb83bd5\" data-element_type=\"widget\" data-widget_type=\"heading.default\">\n\t\t\t\t\t<h1 class=\"elementor-heading-title elementor-size-default\">Unidad de Diagn\u00f3stico Ocular Avanzado <\/h1>\t\t\t\t<\/div>\n\t\t<div class=\"elementor-element elementor-element-76a72a2 servicio-img e-flex e-con-boxed wpr-particle-no wpr-jarallax-no wpr-parallax-no wpr-sticky-section-no e-con e-child\" data-id=\"76a72a2\" data-element_type=\"container\">\n\t\t\t\t\t<div class=\"e-con-inner\">\n\t\t\t\t<div class=\"elementor-element elementor-element-3ed3e35 elementor-widget elementor-widget-image\" data-id=\"3ed3e35\" data-element_type=\"widget\" data-widget_type=\"image.default\">\n\t\t\t\t\t\t\t\t\t\t\t\t\t\t\t<img decoding=\"async\" src=\"https:\/\/hospital.inovatix.com.mx\/wp-content\/uploads\/2024\/04\/DSC_0216.jpg\" title=\"\" alt=\"\" loading=\"lazy\" \/>\t\t\t\t\t\t\t\t\t\t\t\t\t\t\t<\/div>\n\t\t\t\t\t<\/div>\n\t\t\t\t<\/div>\n\t\t\t\t<div class=\"elementor-element elementor-element-fb81759 elementor-widget elementor-widget-heading\" data-id=\"fb81759\" data-element_type=\"widget\" data-widget_type=\"heading.default\">\n\t\t\t\t\t<p class=\"elementor-heading-title elementor-size-default\">Espacio dedicado a realizar diferentes pruebas especializadas que se utilizan para el diagn\u00f3stico y el tratamiento de las principales patolog\u00edas visuales.<\/p>\t\t\t\t<\/div>\n\t\t<div class=\"elementor-element elementor-element-740df3f e-flex e-con-boxed wpr-particle-no wpr-jarallax-no wpr-parallax-no wpr-sticky-section-no e-con e-child\" data-id=\"740df3f\" data-element_type=\"container\">\n\t\t\t\t\t<div class=\"e-con-inner\">\n\t\t<a class=\"elementor-element elementor-element-5177054 btn-w e-con-full e-flex wpr-particle-no wpr-jarallax-no wpr-parallax-no wpr-sticky-section-no e-con e-child\" data-id=\"5177054\" data-element_type=\"container\" data-settings=\"{&quot;background_background&quot;:&quot;classic&quot;}\" href=\"https:\/\/wa.link\/0pudf7\" target=\"_blank\">\n\t\t\t\t<div class=\"elementor-element elementor-element-12ce915 elementor-widget__width-initial elementor-widget elementor-widget-heading\" data-id=\"12ce915\" data-element_type=\"widget\" data-widget_type=\"heading.default\">\n\t\t\t\t\t<h2 class=\"elementor-heading-title elementor-size-default\">Contacta por Whatsapp<\/h2>\t\t\t\t<\/div>\n\t\t\t\t<\/a>\n\t\t\t\t\t<\/div>\n\t\t\t\t<\/div>\n\t\t\t\t\t<\/div>\n\t\t\t\t<\/div>\n\t\t\t\t<\/div>\n\t\t","protected":false},"excerpt":{"rendered":"<p>Unidad de Diagn\u00f3stico Ocular Avanzado Espacio dedicado a realizar diferentes pruebas especializadas que se utilizan para el diagn\u00f3stico y el tratamiento de las principales patolog\u00edas visuales. Contacta por Whatsapp<\/p>\n","protected":false},"author":3,"featured_media":0,"parent":0,"menu_order":0,"comment_status":"closed","ping_status":"closed","template":"","meta":{"footnotes":""},"class_list":["post-1394","page","type-page","status-publish","hentry"],"_links":{"self":[{"href":"https:\/\/hospitalsanagustin.com.mx\/index.php?rest_route=\/wp\/v2\/pages\/1394","targetHints":{"allow":["GET"]}}],"collection":[{"href":"https:\/\/hospitalsanagustin.com.mx\/index.php?rest_route=\/wp\/v2\/pages"}],"about":[{"href":"https:\/\/hospitalsanagustin.com.mx\/index.php?rest_route=\/wp\/v2\/types\/page"}],"author":[{"embeddable":true,"href":"https:\/\/hospitalsanagustin.com.mx\/index.php?rest_route=\/wp\/v2\/users\/3"}],"replies":[{"embeddable":true,"href":"https:\/\/hospitalsanagustin.com.mx\/index.php?rest_route=%2Fwp%2Fv2%2Fcomments&post=1394"}],"version-history":[{"count":25,"href":"https:\/\/hospitalsanagustin.com.mx\/index.php?rest_route=\/wp\/v2\/pages\/1394\/revisions"}],"predecessor-version":[{"id":2547,"href":"https:\/\/hospitalsanagustin.com.mx\/index.php?rest_route=\/wp\/v2\/pages\/1394\/revisions\/2547"}],"wp:attachment":[{"href":"https:\/\/hospitalsanagustin.com.mx\/index.php?rest_route=%2Fwp%2Fv2%2Fmedia&parent=1394"}],"curies":[{"name":"wp","href":"https:\/\/api.w.org\/{rel}","templated":true}]}}