{"id":1370,"date":"2024-05-06T05:04:40","date_gmt":"2024-05-06T05:04:40","guid":{"rendered":"https:\/\/hospital.inovatix.com.mx\/?page_id=1370"},"modified":"2025-03-31T04:23:54","modified_gmt":"2025-03-31T04:23:54","slug":"unidad-de-diagnostico-avanzado","status":"publish","type":"page","link":"https:\/\/hospitalsanagustin.com.mx\/?page_id=1370","title":{"rendered":"Unidad de Diagn\u00f3stico Avanzado"},"content":{"rendered":"\t\t<div data-elementor-type=\"wp-page\" data-elementor-id=\"1370\" class=\"elementor elementor-1370\" data-elementor-post-type=\"page\">\n\t\t\t\t<div class=\"elementor-element elementor-element-ada6abc e-flex e-con-boxed wpr-particle-no wpr-jarallax-no wpr-parallax-no wpr-sticky-section-no e-con e-parent\" data-id=\"ada6abc\" data-element_type=\"container\">\n\t\t\t\t\t<div class=\"e-con-inner\">\n\t\t\t\t<div class=\"elementor-element elementor-element-fb83bd5 elementor-widget elementor-widget-heading\" data-id=\"fb83bd5\" data-element_type=\"widget\" data-widget_type=\"heading.default\">\n\t\t\t\t\t<h1 class=\"elementor-heading-title elementor-size-default\"><p class=\"MsoNormal\">Estimulaci\u00f3n Transcraneal Magn\u00e9tica y El\u00e9ctrica<\/p><\/h1>\t\t\t\t<\/div>\n\t\t<div class=\"elementor-element elementor-element-76a72a2 servicio-img e-flex e-con-boxed wpr-particle-no wpr-jarallax-no wpr-parallax-no wpr-sticky-section-no e-con e-child\" data-id=\"76a72a2\" data-element_type=\"container\">\n\t\t\t\t\t<div class=\"e-con-inner\">\n\t\t\t\t<div class=\"elementor-element elementor-element-3ed3e35 elementor-widget elementor-widget-image\" data-id=\"3ed3e35\" data-element_type=\"widget\" data-widget_type=\"image.default\">\n\t\t\t\t\t\t\t\t\t\t\t\t\t\t\t<img decoding=\"async\" src=\"https:\/\/hospital.inovatix.com.mx\/wp-content\/uploads\/2024\/04\/DSC_0265.jpg\" title=\"\" alt=\"\" loading=\"lazy\" \/>\t\t\t\t\t\t\t\t\t\t\t\t\t\t\t<\/div>\n\t\t\t\t\t<\/div>\n\t\t\t\t<\/div>\n\t\t\t\t<div class=\"elementor-element elementor-element-fb81759 elementor-widget elementor-widget-heading\" data-id=\"fb81759\" data-element_type=\"widget\" data-widget_type=\"heading.default\">\n\t\t\t\t\t<p class=\"elementor-heading-title elementor-size-default\"><span>La estimulaci\u00f3n magn\u00e9tica transcraneal (EMT) es una t\u00e9cnica innovadora y no invasiva que utiliza campos magn\u00e9ticos para activar \u00e1reas espec\u00edficas del cerebro. Este procedimiento es seguro, indoloro y no requiere cirug\u00eda, lo que lo convierte en una opci\u00f3n conveniente para muchas personas. La EMT funciona al inducir corrientes el\u00e9ctricas en el tejido nervioso, lo que ayuda a regular la actividad cerebral y puede ser beneficioso en el tratamiento de diversas condiciones neurol\u00f3gicas y psiqui\u00e1tricas. Al dirigirse a regiones cerebrales precisas, esta t\u00e9cnica permite una estimulaci\u00f3n efectiva y controlada, promoviendo un equilibrio en la funci\u00f3n cerebral sin los efectos secundarios comunes de otros tratamientos. La EMT representa un avance significativo en el campo de la neurociencia moderna, ofreciendo nuevas esperanzas para mejorar la calidad de vida de los pacientes.<\/span><\/p>\t\t\t\t<\/div>\n\t\t<div class=\"elementor-element elementor-element-740df3f e-flex e-con-boxed wpr-particle-no wpr-jarallax-no wpr-parallax-no wpr-sticky-section-no e-con e-child\" data-id=\"740df3f\" data-element_type=\"container\">\n\t\t\t\t\t<div class=\"e-con-inner\">\n\t\t<a class=\"elementor-element elementor-element-5177054 btn-w e-con-full e-flex wpr-particle-no wpr-jarallax-no wpr-parallax-no wpr-sticky-section-no e-con e-child\" data-id=\"5177054\" data-element_type=\"container\" data-settings=\"{&quot;background_background&quot;:&quot;classic&quot;}\" href=\"https:\/\/w.app\/Y0hZBn\" target=\"_blank\">\n\t\t\t\t<div class=\"elementor-element elementor-element-12ce915 elementor-widget__width-initial elementor-widget elementor-widget-heading\" data-id=\"12ce915\" data-element_type=\"widget\" data-widget_type=\"heading.default\">\n\t\t\t\t\t<h2 class=\"elementor-heading-title elementor-size-default\">Contacta por Whatsapp<\/h2>\t\t\t\t<\/div>\n\t\t\t\t<\/a>\n\t\t\t\t\t<\/div>\n\t\t\t\t<\/div>\n\t\t\t\t\t<\/div>\n\t\t\t\t<\/div>\n\t\t\t\t<\/div>\n\t\t","protected":false},"excerpt":{"rendered":"<p>Estimulaci\u00f3n Transcraneal Magn\u00e9tica y El\u00e9ctrica La estimulaci\u00f3n magn\u00e9tica transcraneal (EMT) es una t\u00e9cnica innovadora y no invasiva que utiliza campos magn\u00e9ticos para activar \u00e1reas espec\u00edficas del cerebro. Este procedimiento es seguro, indoloro y no requiere cirug\u00eda, lo que lo convierte en una opci\u00f3n conveniente para muchas personas. La EMT funciona al inducir corrientes el\u00e9ctricas en el tejido nervioso, lo que ayuda a regular la actividad cerebral y puede ser beneficioso en el tratamiento de diversas condiciones neurol\u00f3gicas y psiqui\u00e1tricas. Al dirigirse a regiones cerebrales precisas, esta t\u00e9cnica permite una estimulaci\u00f3n efectiva y controlada, promoviendo un equilibrio en la funci\u00f3n cerebral sin los efectos secundarios comunes de otros tratamientos. La EMT representa un avance significativo en el campo de la neurociencia moderna, ofreciendo nuevas esperanzas para mejorar la calidad de vida de los pacientes. Contacta por Whatsapp<\/p>\n","protected":false},"author":3,"featured_media":0,"parent":0,"menu_order":0,"comment_status":"closed","ping_status":"closed","template":"","meta":{"footnotes":""},"class_list":["post-1370","page","type-page","status-publish","hentry"],"_links":{"self":[{"href":"https:\/\/hospitalsanagustin.com.mx\/index.php?rest_route=\/wp\/v2\/pages\/1370","targetHints":{"allow":["GET"]}}],"collection":[{"href":"https:\/\/hospitalsanagustin.com.mx\/index.php?rest_route=\/wp\/v2\/pages"}],"about":[{"href":"https:\/\/hospitalsanagustin.com.mx\/index.php?rest_route=\/wp\/v2\/types\/page"}],"author":[{"embeddable":true,"href":"https:\/\/hospitalsanagustin.com.mx\/index.php?rest_route=\/wp\/v2\/users\/3"}],"replies":[{"embeddable":true,"href":"https:\/\/hospitalsanagustin.com.mx\/index.php?rest_route=%2Fwp%2Fv2%2Fcomments&post=1370"}],"version-history":[{"count":55,"href":"https:\/\/hospitalsanagustin.com.mx\/index.php?rest_route=\/wp\/v2\/pages\/1370\/revisions"}],"predecessor-version":[{"id":3211,"href":"https:\/\/hospitalsanagustin.com.mx\/index.php?rest_route=\/wp\/v2\/pages\/1370\/revisions\/3211"}],"wp:attachment":[{"href":"https:\/\/hospitalsanagustin.com.mx\/index.php?rest_route=%2Fwp%2Fv2%2Fmedia&parent=1370"}],"curies":[{"name":"wp","href":"https:\/\/api.w.org\/{rel}","templated":true}]}}