{"id":1012,"date":"2024-05-02T22:32:40","date_gmt":"2024-05-02T22:32:40","guid":{"rendered":"https:\/\/hospital.inovatix.com.mx\/?page_id=1012"},"modified":"2025-08-19T03:07:06","modified_gmt":"2025-08-19T03:07:06","slug":"laboratorio","status":"publish","type":"page","link":"https:\/\/hospitalsanagustin.com.mx\/?page_id=1012","title":{"rendered":"Laboratorio"},"content":{"rendered":"\t\t<div data-elementor-type=\"wp-post\" data-elementor-id=\"1012\" class=\"elementor elementor-1012\" data-elementor-post-type=\"page\">\n\t\t\t\t<div class=\"elementor-element elementor-element-d9227e6 e-flex e-con-boxed wpr-particle-no wpr-jarallax-no wpr-parallax-no wpr-sticky-section-no e-con e-parent\" data-id=\"d9227e6\" data-element_type=\"container\" data-settings=\"{&quot;background_background&quot;:&quot;slideshow&quot;,&quot;background_slideshow_gallery&quot;:[{&quot;id&quot;:304,&quot;url&quot;:&quot;https:\\\/\\\/hospital.inovatix.com.mx\\\/wp-content\\\/uploads\\\/2024\\\/04\\\/unsplash_-3HE32KRqJs.jpg&quot;}],&quot;background_slideshow_loop&quot;:&quot;yes&quot;,&quot;background_slideshow_slide_duration&quot;:5000,&quot;background_slideshow_slide_transition&quot;:&quot;fade&quot;,&quot;background_slideshow_transition_duration&quot;:500}\">\n\t\t\t\t\t<div class=\"e-con-inner\">\n\t\t\t\t<div class=\"elementor-element elementor-element-a97deb3 elementor-widget elementor-widget-heading\" data-id=\"a97deb3\" data-element_type=\"widget\" data-widget_type=\"heading.default\">\n\t\t\t\t\t<h2 class=\"elementor-heading-title elementor-size-default\">Laboratorio<\/h2>\t\t\t\t<\/div>\n\t\t\t\t<div class=\"elementor-element elementor-element-160a5d1 elementor-absolute elementor-widget elementor-widget-image\" data-id=\"160a5d1\" data-element_type=\"widget\" data-settings=\"{&quot;_position&quot;:&quot;absolute&quot;}\" data-widget_type=\"image.default\">\n\t\t\t\t\t\t\t\t\t\t\t\t\t\t\t<img decoding=\"async\" src=\"https:\/\/hospitalsanagustin.com.mx\/wp-content\/uploads\/2024\/04\/Vector-3.svg\" class=\"attachment-full size-full wp-image-306\" alt=\"\" \/>\t\t\t\t\t\t\t\t\t\t\t\t\t\t\t<\/div>\n\t\t\t\t\t<\/div>\n\t\t\t\t<\/div>\n\t\t<div class=\"elementor-element elementor-element-ae55d93 e-flex e-con-boxed wpr-particle-no wpr-jarallax-no wpr-parallax-no wpr-sticky-section-no e-con e-parent\" data-id=\"ae55d93\" data-element_type=\"container\">\n\t\t\t\t\t<div class=\"e-con-inner\">\n\t\t<div class=\"elementor-element elementor-element-78564ff btn-w e-con-full e-flex wpr-particle-no wpr-jarallax-no wpr-parallax-no wpr-sticky-section-no e-con e-child\" data-id=\"78564ff\" data-element_type=\"container\" id=\"popup\">\n\t\t\t\t<div class=\"elementor-element elementor-element-e42dd27 elementor-widget__width-initial elementor-widget elementor-widget-heading\" data-id=\"e42dd27\" data-element_type=\"widget\" data-widget_type=\"heading.default\">\n\t\t\t\t\t<h2 class=\"elementor-heading-title elementor-size-default\">Descarga  tus estudios<\/h2>\t\t\t\t<\/div>\n\t\t\t\t<div class=\"elementor-element elementor-element-2c7cfd6 elementor-widget elementor-widget-image\" data-id=\"2c7cfd6\" data-element_type=\"widget\" data-widget_type=\"image.default\">\n\t\t\t\t\t\t\t\t\t\t\t\t\t\t\t<img decoding=\"async\" width=\"60\" height=\"58\" src=\"https:\/\/hospitalsanagustin.com.mx\/wp-content\/uploads\/2024\/04\/Wireframe-9.png\" class=\"attachment-full size-full wp-image-58\" alt=\"\" \/>\t\t\t\t\t\t\t\t\t\t\t\t\t\t\t<\/div>\n\t\t\t\t<\/div>\n\t\t\t\t\t<\/div>\n\t\t\t\t<\/div>\n\t\t<div class=\"elementor-element elementor-element-0e28fda e-flex e-con-boxed wpr-particle-no wpr-jarallax-no wpr-parallax-no wpr-sticky-section-no e-con e-parent\" data-id=\"0e28fda\" data-element_type=\"container\">\n\t\t\t\t\t<div class=\"e-con-inner\">\n\t\t\t\t<div class=\"elementor-element elementor-element-16bdde4 elementor-widget elementor-widget-heading\" data-id=\"16bdde4\" data-element_type=\"widget\" data-widget_type=\"heading.default\">\n\t\t\t\t\t<p class=\"elementor-heading-title elementor-size-default\">\u00a1L\u00edderes en Calidad y Seguridad en Zacatecas!\n\nEn nuestro Laboratorio de An\u00e1lisis Cl\u00ednicos, nos destacamos por nuestro compromiso con la excelencia y la seguridad hospitalaria. Estos son nuestros principales atributos que nos convierten en el mejor laboratorio del estado de Zacatecas:\n\nCertificaci\u00f3n ISO 9001-2015: Nuestro laboratorio cumple con los est\u00e1ndares internacionales de calidad, garantizados por auditor\u00edas constantes de expertos.\n\nControl de Calidad Interno: Realizamos rigurosos controles internos para asegurar la precisi\u00f3n y confiabilidad de cada estudio que realizamos.\n\nMantenimientos Preventivos y Calibraci\u00f3n de Instrumentos: Mantenemos y calibramos regularmente todos nuestros equipos para asegurar su funcionamiento \u00f3ptimo y exactitud en las mediciones.\n\nPrograma de Aseguramiento de la Calidad: Participamos en un programa de aseguramiento de calidad con resultados sobresalientes, lo que respalda nuestra precisi\u00f3n y fiabilidad.\n\nSeguridad Hospitalaria: Nuestros estudios est\u00e1n alineados con los m\u00e1s altos est\u00e1ndares de seguridad hospitalaria, protegiendo su salud y bienestar.<\/p>\t\t\t\t<\/div>\n\t\t\t\t\t<\/div>\n\t\t\t\t<\/div>\n\t\t<div class=\"elementor-element elementor-element-4e0f730 e-flex e-con-boxed wpr-particle-no wpr-jarallax-no wpr-parallax-no wpr-sticky-section-no e-con e-parent\" data-id=\"4e0f730\" data-element_type=\"container\">\n\t\t\t\t\t<div class=\"e-con-inner\">\n\t\t\t\t\t<\/div>\n\t\t\t\t<\/div>\n\t\t<div class=\"elementor-element elementor-element-0e73e0e e-flex e-con-boxed wpr-particle-no wpr-jarallax-no wpr-parallax-no wpr-sticky-section-no e-con e-parent\" data-id=\"0e73e0e\" data-element_type=\"container\">\n\t\t\t\t\t<div class=\"e-con-inner\">\n\t\t\t\t<div class=\"elementor-element elementor-element-c01e2c8 elementor-widget elementor-widget-heading\" data-id=\"c01e2c8\" data-element_type=\"widget\" data-widget_type=\"heading.default\">\n\t\t\t\t\t<h2 class=\"elementor-heading-title elementor-size-default\"><p data-prosemirror-content-type=\"node\" data-prosemirror-node-name=\"paragraph\" data-prosemirror-node-block=\"true\" data-pm-slice=\"1 1 []\">Laboratorio: Tanya de la Luz Ch\u00e1vez Casillas, CP:7991283 \/ UAZ<\/p><\/h2>\t\t\t\t<\/div>\n\t\t\t\t\t<\/div>\n\t\t\t\t<\/div>\n\t\t\t\t<\/div>\n\t\t","protected":false},"excerpt":{"rendered":"<p>Laboratorio Descarga tus estudios \u00a1L\u00edderes en Calidad y Seguridad en Zacatecas! En nuestro Laboratorio de An\u00e1lisis Cl\u00ednicos, nos destacamos por nuestro compromiso con la excelencia y la seguridad hospitalaria. Estos son nuestros principales atributos que nos convierten en el mejor laboratorio del estado de Zacatecas: Certificaci\u00f3n ISO 9001-2015: Nuestro laboratorio cumple con los est\u00e1ndares internacionales de calidad, garantizados por auditor\u00edas constantes de expertos. Control de Calidad Interno: Realizamos rigurosos controles internos para asegurar la precisi\u00f3n y confiabilidad de cada estudio que realizamos. Mantenimientos Preventivos y Calibraci\u00f3n de Instrumentos: Mantenemos y calibramos regularmente todos nuestros equipos para asegurar su funcionamiento \u00f3ptimo y exactitud en las mediciones. Programa de Aseguramiento de la Calidad: Participamos en un programa de aseguramiento de calidad con resultados sobresalientes, lo que respalda nuestra precisi\u00f3n y fiabilidad. Seguridad Hospitalaria: Nuestros estudios est\u00e1n alineados con los m\u00e1s altos est\u00e1ndares de seguridad hospitalaria, protegiendo su salud y bienestar. Laboratorio: Tanya de la Luz Ch\u00e1vez Casillas, CP:7991283 \/ UAZ<\/p>\n","protected":false},"author":3,"featured_media":0,"parent":0,"menu_order":0,"comment_status":"closed","ping_status":"closed","template":"","meta":{"footnotes":""},"class_list":["post-1012","page","type-page","status-publish","hentry"],"_links":{"self":[{"href":"https:\/\/hospitalsanagustin.com.mx\/index.php?rest_route=\/wp\/v2\/pages\/1012","targetHints":{"allow":["GET"]}}],"collection":[{"href":"https:\/\/hospitalsanagustin.com.mx\/index.php?rest_route=\/wp\/v2\/pages"}],"about":[{"href":"https:\/\/hospitalsanagustin.com.mx\/index.php?rest_route=\/wp\/v2\/types\/page"}],"author":[{"embeddable":true,"href":"https:\/\/hospitalsanagustin.com.mx\/index.php?rest_route=\/wp\/v2\/users\/3"}],"replies":[{"embeddable":true,"href":"https:\/\/hospitalsanagustin.com.mx\/index.php?rest_route=%2Fwp%2Fv2%2Fcomments&post=1012"}],"version-history":[{"count":35,"href":"https:\/\/hospitalsanagustin.com.mx\/index.php?rest_route=\/wp\/v2\/pages\/1012\/revisions"}],"predecessor-version":[{"id":3570,"href":"https:\/\/hospitalsanagustin.com.mx\/index.php?rest_route=\/wp\/v2\/pages\/1012\/revisions\/3570"}],"wp:attachment":[{"href":"https:\/\/hospitalsanagustin.com.mx\/index.php?rest_route=%2Fwp%2Fv2%2Fmedia&parent=1012"}],"curies":[{"name":"wp","href":"https:\/\/api.w.org\/{rel}","templated":true}]}}